{"id":9113,"date":"2019-06-05T08:04:06","date_gmt":"2019-06-05T08:04:06","guid":{"rendered":"http:\/\/ninzio.com\/bauer\/?page_id=9113"},"modified":"2021-02-13T23:02:07","modified_gmt":"2021-02-13T22:02:07","slug":"nos-equipements","status":"publish","type":"page","link":"https:\/\/smpdakar.com\/index.php\/nos-equipements\/","title":{"rendered":"Nos \u00e9quipements"},"content":{"rendered":"<p>[vc_row][vc_column][rev_slider_vc alias=&#8221;slider-10&#8243;][\/vc_column][\/vc_row][vc_row][vc_column width=&#8221;1\/3&#8243;]<div class=\"bauer-content-box clearfix \" data-padding=\"36px 30px 42px 30px\" data-mobipadding=\"36px 30px 42px 30px\" data-margin=\"-120px 0px 0px 0px\" data-mobimargin=\"-50px 0px 0px 0px\" >\r\n\t\t<div class=\"inner ctb-739227802\" style=\"\"  data-background=\"#ffffff\" data-rounded=\"5px\" data-border-color=\"#e7e7e7\" data-border-width=\"1px\" data-shadow=\" 0px 0px 20px 0px rgba(0,0,0,0.07)\">\r\n\t\t\t<div class=\"bauer-icon-box clearfix icon-top align-center  simple\" style=\"\" ><div class=\"wrap-inner\" style=\"position: relative;\"><div class=\"bauer-icon icon-1625993853 accent custom\"  data-background=\"rgba(243,92,39,0.2)\">\r\n\t\t\t\t<span class=\"icon\" style=\"font-size:34px;width:70px;height:70px;border-style:solid;border-radius:40px;line-height:74px; box-shadow: 0px 0px 0px 5px rgba(243,92,39,0.1)\"><i class=\"bauerico-barrier-1\"><\/i><\/span>\r\n\t\t\t<\/div> <h3 class=\"heading \" style=\"color:#f35c27;font-size:22px;margin-top:27px;margin-bottom:15px;\">\r\n\t\t\t<span>Mat\u00e9riaux de chantier<\/span>\r\n\t\t<\/h3><div class=\"desc\" style=\"color:#030f27;\"><p>des mat\u00e9riaux de derni\u00e8re g\u00e9n\u00e9ration<\/p>\n<\/div> <\/div><\/div>\r\n\t\t<\/div>\r\n\t<\/div>\r\n\t<div class=\"bauer-spacer clearfix\" data-desktop=\"0\" data-mobi=\"100\" data-smobi=\"100\"><\/div>[\/vc_column][vc_column width=&#8221;1\/3&#8243;]<div class=\"bauer-content-box clearfix \" data-padding=\"36px 30px 42px 30px\" data-mobipadding=\"36px 30px 42px 30px\" data-margin=\"-120px 0px 0px 0px\" data-mobimargin=\"-50px 0px 0px 0px\" >\r\n\t\t<div class=\"inner ctb-976406996\" style=\"\"  data-background=\"#030f27\" data-rounded=\"5px\" data-border-color=\"#030f27\" data-border-width=\"1px\" data-shadow=\" 0px 0px 20px 0px rgba(0,0,0,0.07)\">\r\n\t\t\t<div class=\"bauer-icon-box clearfix icon-top align-center  simple\" style=\"\" ><div class=\"wrap-inner\" style=\"position: relative;\"><div class=\"bauer-icon icon-772274748 custom custom\"  data-icon=\"#ffffff\" data-background=\"rgba(255,255,255,0.2)\">\r\n\t\t\t\t<span class=\"icon\" style=\"font-size:34px;width:70px;height:70px;border-style:solid;border-radius:40px;line-height:74px; box-shadow: 0px 0px 0px 5px rgba(255,255,255,0.1)\"><i class=\"bauerico-crane-truck-1\"><\/i><\/span>\r\n\t\t\t<\/div> <h3 class=\"heading  white\" style=\"color:#ffffff;font-size:22px;margin-top:27px;margin-bottom:15px;\">\r\n\t\t\t<span>V\u00e9hicules & Utilitaires<\/span>\r\n\t\t<\/h3><div class=\"desc\" style=\"color:#ffffff;\"><p>des v\u00e9hicules de chantier<\/p>\n<\/div> <\/div><\/div>\r\n\t\t<\/div>\r\n\t<\/div>\r\n\t<div class=\"bauer-spacer clearfix\" data-desktop=\"0\" data-mobi=\"100\" data-smobi=\"100\"><\/div>[\/vc_column][vc_column width=&#8221;1\/3&#8243;]<div class=\"bauer-content-box clearfix \" data-padding=\"36px 30px 42px 30px\" data-mobipadding=\"36px 30px 42px 30px\" data-margin=\"-120px 0px 0px 0px\" data-mobimargin=\"-50px 0px 0px 0px\" >\r\n\t\t<div class=\"inner ctb-773010684 accent\" style=\"\"  data-rounded=\"5px\" data-border-color=\"#f35c27\" data-border-width=\"1px\" data-shadow=\" 0px 0px 20px 0px rgba(0,0,0,0.07)\">\r\n\t\t\t<div class=\"bauer-icon-box clearfix icon-top align-center  simple\" style=\"\" ><div class=\"wrap-inner\" style=\"position: relative;\"><div class=\"bauer-icon icon-832958433 custom custom\"  data-icon=\"#ffffff\" data-background=\"rgba(255,255,255,0.2)\">\r\n\t\t\t\t<span class=\"icon\" style=\"font-size:34px;width:70px;height:70px;border-style:solid;border-radius:40px;line-height:74px; box-shadow: 0px 0px 0px 5px rgba(255,255,255,0.1)\"><i class=\"bauerico-theodolite\"><\/i><\/span>\r\n\t\t\t<\/div> <h3 class=\"heading  white\" style=\"color:#ffffff;font-size:22px;margin-top:27px;margin-bottom:15px;\">\r\n\t\t\t<span>Autres \u00e9quipements<\/span>\r\n\t\t<\/h3><div class=\"desc\" style=\"color:#ffffff;\"><p>outils chaudronnier, monteurs etc.<\/p>\n<\/div> <\/div><\/div>\r\n\t\t<\/div>\r\n\t<\/div>[\/vc_column][\/vc_row][vc_row el_id=&#8221;first-row&#8221;][vc_column]\r\n\t<div class=\"bauer-spacer clearfix\" data-desktop=\"94\" data-mobi=\"60\" data-smobi=\"60\"><\/div><div class=\"bauer-single-heading clearfix text-center\" style=\"margin-bottom:24px;\"><span class=\"inner\"><span class=\"heading clearfix  accent\" style=\"font-weight:600;font-size:16px;\">\r\n\t\tNOS EQUIPEMENT\r\n\t<\/span><\/span><\/div>\r\n\t<div class=\"bauer-spacer clearfix\" data-desktop=\"70\" data-mobi=\"40\" data-smobi=\"40\"><\/div>[\/vc_column][\/vc_row][vc_row fullwidth=&#8221;yes&#8221; column_spacing=&#8221;0px&#8221;][vc_column][vc_row_inner column_inner_spacing=&#8221;60&#8243; column_inner_padding=&#8221;0 6% 0 6%&#8221; column_inner_mobipadding=&#8221;0 6% 0 6%&#8221;][vc_column_inner width=&#8221;1\/3&#8243;]<div class=\"bauer-content-box clearfix \" data-padding=\"\" data-mobipadding=\"\" data-margin=\"\" data-mobimargin=\"\" >\r\n\t\t<div class=\"inner ctb-1076784899\" style=\"\"  data-background=\"\" data-rounded=\"6px\" data-shadow=\" 0px 0px 60px 0px rgba(0,0,0,0.15)\" data-shadow-hover=\" 0px 0px 100px 0px rgba(0,0,0,0.15)\" data-translatey=\"-5\">\r\n\t\t\t<div class=\"bauer-simple-image text-center\" style=\"\" >\r\n\t\t\t<a target=\"_blank\" href=\"https:\/\/ninzio.com\/bauer\/home-main\/\"><img alt=\"image\" src=\"https:\/\/smpdakar.com\/wp-content\/uploads\/2020\/09\/chalimo.png\" \/><\/a> \r\n\t\t<\/div>\r\n\t\t<\/div>\r\n\t<\/div>\r\n\t<div class=\"bauer-spacer clearfix\" data-desktop=\"42\" data-mobi=\"30\" data-smobi=\"30\"><\/div><div class=\"text-center\"><a class=\"bauer-links link-style-3\" href=\"#\" style=\"color:#414042;\" >\r\n\t\t\t<span class=\"text\" style=\"font-weight:600;font-size:20px;\">05 Jeux De Chalumeaux<\/span> \r\n\t\t<\/a><\/div>\r\n\t<div class=\"bauer-spacer clearfix\" data-desktop=\"62\" data-mobi=\"40\" data-smobi=\"40\"><\/div><div class=\"bauer-content-box clearfix \" data-padding=\"\" data-mobipadding=\"\" data-margin=\"\" data-mobimargin=\"\" >\r\n\t\t<div class=\"inner ctb-1128837624\" style=\"\"  data-background=\"\" data-rounded=\"6px\" data-shadow=\" 0px 0px 60px 0px rgba(0,0,0,0.15)\" data-shadow-hover=\" 0px 0px 100px 0px rgba(0,0,0,0.15)\" data-translatey=\"-5\">\r\n\t\t\t<div class=\"bauer-simple-image text-center\" style=\"\" >\r\n\t\t\t<a target=\"_blank\" href=\"https:\/\/ninzio.com\/bauer\/home-handyman\/\"><img alt=\"image\" src=\"https:\/\/smpdakar.com\/wp-content\/uploads\/2021\/02\/gouging.jpg\" \/><\/a> \r\n\t\t<\/div>\r\n\t\t<\/div>\r\n\t<\/div>\r\n\t<div class=\"bauer-spacer clearfix\" data-desktop=\"42\" data-mobi=\"30\" data-smobi=\"30\"><\/div><div class=\"text-center\"><a class=\"bauer-links link-style-3\" href=\"#\" style=\"color:#414042;\" >\r\n\t\t\t<span class=\"text\" style=\"font-weight:600;font-size:20px;\">Gouging Hardbanding<\/span> \r\n\t\t<\/a><\/div>\r\n\t<div class=\"bauer-spacer clearfix\" data-desktop=\"62\" data-mobi=\"40\" data-smobi=\"40\"><\/div><div class=\"bauer-content-box clearfix \" data-padding=\"\" data-mobipadding=\"\" data-margin=\"\" data-mobimargin=\"\" >\r\n\t\t<div class=\"inner ctb-1236263914\" style=\"\"  data-background=\"\" data-rounded=\"6px\" data-shadow=\" 0px 0px 60px 0px rgba(0,0,0,0.15)\" data-shadow-hover=\" 0px 0px 100px 0px rgba(0,0,0,0.15)\" data-translatey=\"-5\">\r\n\t\t\t<div class=\"bauer-simple-image text-center\" style=\"\" >\r\n\t\t\t<a target=\"_blank\" href=\"#\"><img alt=\"image\" src=\"https:\/\/smpdakar.com\/wp-content\/uploads\/2021\/02\/CNC.jpg\" \/><\/a> \r\n\t\t<\/div>\r\n\t\t<\/div>\r\n\t<\/div>\r\n\t<div class=\"bauer-spacer clearfix\" data-desktop=\"42\" data-mobi=\"30\" data-smobi=\"30\"><\/div><div class=\"text-center\"><a class=\"bauer-links link-style-3\" href=\"#\" style=\"color:#414042;\" >\r\n\t\t\t<span class=\"text\" style=\"font-weight:600;font-size:20px;\">CNC Lathe Machine<\/span> \r\n\t\t<\/a><\/div>\r\n\t<div class=\"bauer-spacer clearfix\" data-desktop=\"0\" data-mobi=\"40\" data-smobi=\"40\"><\/div>[\/vc_column_inner][vc_column_inner width=&#8221;1\/3&#8243;]<div class=\"bauer-content-box clearfix \" data-padding=\"\" data-mobipadding=\"\" data-margin=\"\" data-mobimargin=\"\" >\r\n\t\t<div class=\"inner ctb-465400937\" style=\"\"  data-background=\"\" data-rounded=\"6px\" data-shadow=\" 0px 0px 60px 0px rgba(0,0,0,0.15)\" data-shadow-hover=\" 0px 0px 100px 0px rgba(0,0,0,0.15)\" data-translatey=\"-5\">\r\n\t\t\t<div class=\"bauer-simple-image text-center\" style=\"\" >\r\n\t\t\t<a target=\"_blank\" href=\"https:\/\/ninzio.com\/bauer\/home-construction\/\"><img alt=\"image\" src=\"https:\/\/smpdakar.com\/wp-content\/uploads\/2020\/09\/compresseur.png\" \/><\/a> \r\n\t\t<\/div>\r\n\t\t<\/div>\r\n\t<\/div>\r\n\t<div class=\"bauer-spacer clearfix\" data-desktop=\"42\" data-mobi=\"30\" data-smobi=\"30\"><\/div><div class=\"text-center\"><a class=\"bauer-links link-style-3\" href=\"#\" style=\"color:#414042;\" >\r\n\t\t\t<span class=\"text\" style=\"font-weight:600;font-size:20px;\">02 Compresseurs<\/span> \r\n\t\t<\/a><\/div>\r\n\t<div class=\"bauer-spacer clearfix\" data-desktop=\"62\" data-mobi=\"40\" data-smobi=\"40\"><\/div><div class=\"bauer-content-box clearfix \" data-padding=\"\" data-mobipadding=\"\" data-margin=\"\" data-mobimargin=\"\" >\r\n\t\t<div class=\"inner ctb-1361999077\" style=\"\"  data-background=\"\" data-rounded=\"6px\" data-shadow=\" 0px 0px 60px 0px rgba(0,0,0,0.15)\" data-shadow-hover=\" 0px 0px 100px 0px rgba(0,0,0,0.15)\" data-translatey=\"-5\">\r\n\t\t\t<div class=\"bauer-simple-image text-center\" style=\"\" >\r\n\t\t\t<a target=\"_blank\" href=\"https:\/\/ninzio.com\/bauer\/home-factory\/\"><img alt=\"image\" src=\"https:\/\/smpdakar.com\/wp-content\/uploads\/2020\/09\/poste-souder.png\" \/><\/a> \r\n\t\t<\/div>\r\n\t\t<\/div>\r\n\t<\/div>\r\n\t<div class=\"bauer-spacer clearfix\" data-desktop=\"42\" data-mobi=\"30\" data-smobi=\"30\"><\/div><div class=\"text-center\"><a class=\"bauer-links link-style-3\" href=\"#\" style=\"color:#414042;\" >\r\n\t\t\t<span class=\"text\" style=\"font-weight:600;font-size:20px;\">Lot de Postes \u00e0 Souder<\/span> \r\n\t\t<\/a><\/div>\r\n\t<div class=\"bauer-spacer clearfix\" data-desktop=\"62\" data-mobi=\"40\" data-smobi=\"40\"><\/div><div class=\"bauer-content-box clearfix \" data-padding=\"\" data-mobipadding=\"\" data-margin=\"\" data-mobimargin=\"\" >\r\n\t\t<div class=\"inner ctb-165206125\" style=\"\"  data-background=\"\" data-rounded=\"6px\" data-shadow=\" 0px 0px 60px 0px rgba(0,0,0,0.15)\" data-shadow-hover=\" 0px 0px 100px 0px rgba(0,0,0,0.15)\" data-translatey=\"-5\">\r\n\t\t\t<div class=\"bauer-simple-image text-center\" style=\"\" >\r\n\t\t\t<a target=\"_blank\" href=\"#\"><img alt=\"image\" src=\"https:\/\/smpdakar.com\/wp-content\/uploads\/2020\/09\/pickup.png\" \/><\/a> \r\n\t\t<\/div>\r\n\t\t<\/div>\r\n\t<\/div>\r\n\t<div class=\"bauer-spacer clearfix\" data-desktop=\"42\" data-mobi=\"30\" data-smobi=\"30\"><\/div><div class=\"text-center\"><a class=\"bauer-links link-style-3\" href=\"#\" style=\"color:#414042;\" >\r\n\t\t\t<span class=\"text\" style=\"font-weight:600;font-size:20px;\">Pick Up<\/span> \r\n\t\t<\/a><\/div>\r\n\t<div class=\"bauer-spacer clearfix\" data-desktop=\"0\" data-mobi=\"40\" data-smobi=\"40\"><\/div>[\/vc_column_inner][vc_column_inner width=&#8221;1\/3&#8243;]<div class=\"bauer-content-box clearfix \" data-padding=\"\" data-mobipadding=\"\" data-margin=\"\" data-mobimargin=\"\" >\r\n\t\t<div class=\"inner ctb-965813366\" style=\"\"  data-background=\"\" data-rounded=\"6px\" data-shadow=\" 0px 0px 60px 0px rgba(0,0,0,0.15)\" data-shadow-hover=\" 0px 0px 100px 0px rgba(0,0,0,0.15)\" data-translatey=\"-5\">\r\n\t\t\t<div class=\"bauer-simple-image text-center\" style=\"\" >\r\n\t\t\t<a target=\"_blank\" href=\"https:\/\/ninzio.com\/bauer\/home-industrial\/\"><img alt=\"image\" src=\"https:\/\/smpdakar.com\/wp-content\/uploads\/2020\/09\/sablage.png\" \/><\/a> \r\n\t\t<\/div>\r\n\t\t<\/div>\r\n\t<\/div>\r\n\t<div class=\"bauer-spacer clearfix\" data-desktop=\"42\" data-mobi=\"30\" data-smobi=\"30\"><\/div><div class=\"text-center\"><a class=\"bauer-links link-style-3\" href=\"https:\/\/ninzio.com\/bauer\/home-industrial\/\" style=\"color:#414042;\" >\r\n\t\t\t<span class=\"text\" style=\"font-weight:600;font-size:20px;\">Outils de sablage &amp; Peinture<\/span> \r\n\t\t<\/a><\/div>\r\n\t<div class=\"bauer-spacer clearfix\" data-desktop=\"62\" data-mobi=\"40\" data-smobi=\"40\"><\/div><div class=\"bauer-content-box clearfix \" data-padding=\"\" data-mobipadding=\"\" data-margin=\"\" data-mobimargin=\"\" >\r\n\t\t<div class=\"inner ctb-2062637049\" style=\"\"  data-background=\"\" data-rounded=\"6px\" data-shadow=\" 0px 0px 60px 0px rgba(0,0,0,0.15)\" data-shadow-hover=\" 0px 0px 100px 0px rgba(0,0,0,0.15)\" data-translatey=\"-5\">\r\n\t\t\t<div class=\"bauer-simple-image text-center\" style=\"\" >\r\n\t\t\t<a target=\"_blank\" href=\"https:\/\/ninzio.com\/bauer\/home-architecture\/\"><img alt=\"image\" src=\"https:\/\/smpdakar.com\/wp-content\/uploads\/2020\/09\/meuleuse.png\" \/><\/a> \r\n\t\t<\/div>\r\n\t\t<\/div>\r\n\t<\/div>\r\n\t<div class=\"bauer-spacer clearfix\" data-desktop=\"42\" data-mobi=\"30\" data-smobi=\"30\"><\/div><div class=\"text-center\"><a class=\"bauer-links link-style-3\" href=\"#\" style=\"color:#414042;\" >\r\n\t\t\t<span class=\"text\" style=\"font-weight:600;font-size:20px;\">Meuleuses Electriques GM &#8211; PM<\/span> \r\n\t\t<\/a><\/div>\r\n\t<div class=\"bauer-spacer clearfix\" data-desktop=\"62\" data-mobi=\"40\" data-smobi=\"40\"><\/div><div class=\"bauer-content-box clearfix \" data-padding=\"\" data-mobipadding=\"\" data-margin=\"\" data-mobimargin=\"\" >\r\n\t\t<div class=\"inner ctb-685572309\" style=\"\"  data-background=\"\" data-rounded=\"6px\" data-shadow=\" 0px 0px 60px 0px rgba(0,0,0,0.15)\" data-shadow-hover=\" 0px 0px 100px 0px rgba(0,0,0,0.15)\" data-translatey=\"-5\">\r\n\t\t\t<div class=\"bauer-simple-image text-center\" style=\"\" >\r\n\t\t\t<a target=\"_blank\" href=\"#\"><img alt=\"image\" src=\"https:\/\/smpdakar.com\/wp-content\/uploads\/2021\/02\/grue.jpg\" \/><\/a> \r\n\t\t<\/div>\r\n\t\t<\/div>\r\n\t<\/div>\r\n\t<div class=\"bauer-spacer clearfix\" data-desktop=\"42\" data-mobi=\"30\" data-smobi=\"30\"><\/div><div class=\"text-center\"><a class=\"bauer-links link-style-3\" href=\"https:\/\/ninzio.com\/bauer\/home-company\/\" style=\"color:#414042;\" >\r\n\t\t\t<span class=\"text\" style=\"font-weight:600;font-size:20px;\">Grue de levage<\/span> \r\n\t\t<\/a><\/div>\r\n\t<div class=\"bauer-spacer clearfix\" data-desktop=\"0\" data-mobi=\"40\" data-smobi=\"40\"><\/div>[\/vc_column_inner][\/vc_row_inner]\r\n\t<div class=\"bauer-spacer clearfix\" data-desktop=\"0\" data-mobi=\"0\" data-smobi=\"0\"><\/div>[\/vc_column][\/vc_row][vc_row css=&#8221;.vc_custom_1559722391303{background-image: url(http:\/\/ninzio.com\/bauer\/wp-content\/uploads\/2019\/06\/section-bg4.jpg?id=9131) !important;background-position: center !important;background-repeat: no-repeat !important;background-size: cover !important;}&#8221;][vc_column]\r\n\t<div class=\"bauer-spacer clearfix\" data-desktop=\"94\" data-mobi=\"0\" data-smobi=\"60\"><\/div>\r\n\t<div class=\"bauer-spacer clearfix\" data-desktop=\"120\" data-mobi=\"60\" data-smobi=\"60\"><\/div><div class=\"bauer-simple-image text-center\" style=\"max-width:135px;margin-left: auto; margin-right: auto;\" >\r\n\t\t\t<img alt=\"image\" src=\"https:\/\/smpdakar.com\/wp-content\/uploads\/2019\/06\/elite.png\" \/> \r\n\t\t<\/div>\r\n\t<div class=\"bauer-spacer clearfix\" data-desktop=\"30\" data-mobi=\"30\" data-smobi=\"30\"><\/div><h2 class=\"bauer-text clearfix text-center\" style=\"font-size:48px;line-height:68px;color:#ffffff;margin-bottom:30px;\"><p><span class=\"font-weight-300\">Ne perdez pas de temps!<\/span><br \/>\nConfiez <span class=\"font-weight-300\">vos<\/span> travaux l&#8217;ing\u00e9nierie \u00e0 SMP <span class=\"font-weight-300\">maintenant.<\/span><\/p>\n<\/h2><div class=\"bauer-text clearfix text-center\" style=\"font-size:18px;line-height:30px;color:#ffffff;max-width:950px;margin-left: auto; margin-right: auto;\"><p>Tout ce dont vous avez besoin pour offrir \u00e0 votre chantier<br \/>\nun look unique, nous solliciter.<\/p>\n<\/div>\r\n\t<div class=\"bauer-spacer clearfix\" data-desktop=\"50\" data-mobi=\"30\" data-smobi=\"30\"><\/div><div class=\"bauer-align-box text-center\"><div class=\"button-wrap icon-right\" style=\"\" ><a href=\"https:\/\/smpdakar.com\/\" target=\"_self\" class=\"bauer-button btn-2032250460 medium no_icon accent\" style=\"border-radius:30px;\"  data-text=\"#ffffff\" data-text-hover=\"#030f27\" data-background-hover=\"#ffffff\">\r\n\t\t<span style=\"\">Notre accueil <\/span>\r\n\t<\/a><\/div><\/div>\r\n\t<div class=\"bauer-spacer clearfix\" data-desktop=\"130\" data-mobi=\"60\" data-smobi=\"60\"><\/div>[\/vc_column][vc_column][\/vc_column][\/vc_row]<\/p>\n","protected":false},"excerpt":{"rendered":"<p>[vc_row][vc_column][rev_slider_vc alias=&#8221;slider-10&#8243;][\/vc_column][\/vc_row][vc_row][vc_column width=&#8221;1\/3&#8243;][\/vc_column][vc_column width=&#8221;1\/3&#8243;][\/vc_column][vc_column width=&#8221;1\/3&#8243;][\/vc_column][\/vc_row][vc_row el_id=&#8221;first-row&#8221;][vc_column][\/vc_column][\/vc_row][vc_row fullwidth=&#8221;yes&#8221; column_spacing=&#8221;0px&#8221;][vc_column][vc_row_inner column_inner_spacing=&#8221;60&#8243; column_inner_padding=&#8221;0 6% 0 6%&#8221; column_inner_mobipadding=&#8221;0 6% 0 6%&#8221;][vc_column_inner width=&#8221;1\/3&#8243;][\/vc_column_inner][vc_column_inner width=&#8221;1\/3&#8243;][\/vc_column_inner][vc_column_inner width=&#8221;1\/3&#8243;][\/vc_column_inner][\/vc_row_inner][\/vc_column][\/vc_row][vc_row css=&#8221;.vc_custom_1559722391303{background-image: url(http:\/\/ninzio.com\/bauer\/wp-content\/uploads\/2019\/06\/section-bg4.jpg?id=9131) !important;background-position: center !important;background-repeat: no-repeat !important;background-size: cover !important;}&#8221;][vc_column][\/vc_column][vc_column][\/vc_column][\/vc_row]<\/p>\n","protected":false},"author":1,"featured_media":0,"parent":0,"menu_order":0,"comment_status":"closed","ping_status":"closed","template":"","meta":[],"yoast_head":"<!-- This site is optimized with the Yoast SEO plugin v14.9 - https:\/\/yoast.com\/wordpress\/plugins\/seo\/ -->\n<title>Nos \u00e9quipements - SMP - STRUCTURES METALLIQUES &amp; PIPES<\/title>\n<meta name=\"robots\" content=\"index, follow, max-snippet:-1, max-image-preview:large, max-video-preview:-1\" \/>\n<link rel=\"canonical\" href=\"http:\/\/smpdakar.com\/index.php\/nos-equipements\/\" \/>\n<meta property=\"og:locale\" content=\"fr_FR\" \/>\n<meta property=\"og:type\" content=\"article\" \/>\n<meta property=\"og:title\" content=\"Nos \u00e9quipements - SMP - STRUCTURES METALLIQUES &amp; PIPES\" \/>\n<meta property=\"og:description\" content=\"[vc_row][vc_column][rev_slider_vc alias=&#8221;slider-10&#8243;][\/vc_column][\/vc_row][vc_row][vc_column width=&#8221;1\/3&#8243;][\/vc_column][vc_column width=&#8221;1\/3&#8243;][\/vc_column][vc_column width=&#8221;1\/3&#8243;][\/vc_column][\/vc_row][vc_row el_id=&#8221;first-row&#8221;][vc_column][\/vc_column][\/vc_row][vc_row fullwidth=&#8221;yes&#8221; column_spacing=&#8221;0px&#8221;][vc_column][vc_row_inner column_inner_spacing=&#8221;60&#8243; column_inner_padding=&#8221;0 6% 0 6%&#8221; column_inner_mobipadding=&#8221;0 6% 0 6%&#8221;][vc_column_inner width=&#8221;1\/3&#8243;][\/vc_column_inner][vc_column_inner width=&#8221;1\/3&#8243;][\/vc_column_inner][vc_column_inner width=&#8221;1\/3&#8243;][\/vc_column_inner][\/vc_row_inner][\/vc_column][\/vc_row][vc_row css=&#8221;.vc_custom_1559722391303{background-image: url(http:\/\/ninzio.com\/bauer\/wp-content\/uploads\/2019\/06\/section-bg4.jpg?id=9131) !important;background-position: center !important;background-repeat: no-repeat !important;background-size: cover !important;}&#8221;][vc_column][\/vc_column][vc_column][\/vc_column][\/vc_row]\" \/>\n<meta property=\"og:url\" content=\"http:\/\/smpdakar.com\/index.php\/nos-equipements\/\" \/>\n<meta property=\"og:site_name\" content=\"SMP - STRUCTURES METALLIQUES &amp; PIPES\" \/>\n<meta property=\"article:modified_time\" content=\"2021-02-13T22:02:07+00:00\" \/>\n<meta name=\"twitter:card\" content=\"summary_large_image\" \/>\n<script type=\"application\/ld+json\" class=\"yoast-schema-graph\">{\"@context\":\"https:\/\/schema.org\",\"@graph\":[{\"@type\":\"Organization\",\"@id\":\"https:\/\/smpdakar.com\/#organization\",\"name\":\"SMP DAKAR\",\"url\":\"https:\/\/smpdakar.com\/\",\"sameAs\":[],\"logo\":{\"@type\":\"ImageObject\",\"@id\":\"https:\/\/smpdakar.com\/#logo\",\"inLanguage\":\"fr-FR\",\"url\":\"https:\/\/smpdakar.com\/wp-content\/uploads\/2021\/02\/logo_smp.png\",\"width\":200,\"height\":89,\"caption\":\"SMP DAKAR\"},\"image\":{\"@id\":\"https:\/\/smpdakar.com\/#logo\"}},{\"@type\":\"WebSite\",\"@id\":\"https:\/\/smpdakar.com\/#website\",\"url\":\"https:\/\/smpdakar.com\/\",\"name\":\"SMP - STRUCTURES METALLIQUES &amp; PIPES\",\"description\":\"Un site utilisant WordPress\",\"publisher\":{\"@id\":\"https:\/\/smpdakar.com\/#organization\"},\"potentialAction\":[{\"@type\":\"SearchAction\",\"target\":\"https:\/\/smpdakar.com\/?s={search_term_string}\",\"query-input\":\"required name=search_term_string\"}],\"inLanguage\":\"fr-FR\"},{\"@type\":\"WebPage\",\"@id\":\"http:\/\/smpdakar.com\/index.php\/nos-equipements\/#webpage\",\"url\":\"http:\/\/smpdakar.com\/index.php\/nos-equipements\/\",\"name\":\"Nos \\u00e9quipements - SMP - STRUCTURES METALLIQUES &amp; PIPES\",\"isPartOf\":{\"@id\":\"https:\/\/smpdakar.com\/#website\"},\"datePublished\":\"2019-06-05T08:04:06+00:00\",\"dateModified\":\"2021-02-13T22:02:07+00:00\",\"inLanguage\":\"fr-FR\",\"potentialAction\":[{\"@type\":\"ReadAction\",\"target\":[\"http:\/\/smpdakar.com\/index.php\/nos-equipements\/\"]}]}]}<\/script>\n<!-- \/ Yoast SEO plugin. -->","_links":{"self":[{"href":"https:\/\/smpdakar.com\/index.php\/wp-json\/wp\/v2\/pages\/9113"}],"collection":[{"href":"https:\/\/smpdakar.com\/index.php\/wp-json\/wp\/v2\/pages"}],"about":[{"href":"https:\/\/smpdakar.com\/index.php\/wp-json\/wp\/v2\/types\/page"}],"author":[{"embeddable":true,"href":"https:\/\/smpdakar.com\/index.php\/wp-json\/wp\/v2\/users\/1"}],"replies":[{"embeddable":true,"href":"https:\/\/smpdakar.com\/index.php\/wp-json\/wp\/v2\/comments?post=9113"}],"version-history":[{"count":11,"href":"https:\/\/smpdakar.com\/index.php\/wp-json\/wp\/v2\/pages\/9113\/revisions"}],"predecessor-version":[{"id":9637,"href":"https:\/\/smpdakar.com\/index.php\/wp-json\/wp\/v2\/pages\/9113\/revisions\/9637"}],"wp:attachment":[{"href":"https:\/\/smpdakar.com\/index.php\/wp-json\/wp\/v2\/media?parent=9113"}],"curies":[{"name":"wp","href":"https:\/\/api.w.org\/{rel}","templated":true}]}}